{"id":85,"date":"2025-02-04T06:00:00","date_gmt":"2025-02-04T05:00:00","guid":{"rendered":"https:\/\/hogarenelmundo.riotormes.es\/?page_id=85"},"modified":"2025-04-21T18:00:59","modified_gmt":"2025-04-21T16:00:59","slug":"bulos","status":"publish","type":"page","link":"https:\/\/hogarenelmundo.riotormes.es\/?page_id=85","title":{"rendered":"Desmontando Bulos"},"content":{"rendered":"\n<p><\/p>\n\n\n\n<p>Los bulos sobre refugiados son informaciones falsas o tergiversadas que buscan influir negativamente en la percepci\u00f3n p\u00fablica de estas personas. Pueden incluir afirmaciones sobre el abuso de recursos sociales, la criminalidad y la cultura. Se propagan r\u00e1pidamente a trav\u00e9s de redes sociales, mensajer\u00eda instant\u00e1nea y medios sesgados.<\/p>\n\n\n\n<p>Para combatir estos bulos, es importante verificar fuentes, investigar hechos y desmentir estereotipos. Los efectos de estos bulos pueden ser graves, incluyendo el aumento de la xenofobia, violencia y erosi\u00f3n de la solidaridad hacia los refugiados. Ejemplos comunes de bulos incluyen afirmaciones de que los refugiados reciben m\u00e1s ayudas que los ciudadanos locales o que son responsables de un aumento en la criminalidad.<\/p>\n\n\n\n<div class=\"wp-block-group alignfull has-silver-blue-background-color has-background is-layout-constrained wp-block-group-is-layout-constrained\" style=\"padding-top:var(--wp--preset--spacing--small);padding-bottom:var(--wp--preset--spacing--small)\"><div class='pt-cv-wrapper'> <h1 class='pt-cv-heading-container heading1' data-blockid='5kc1xrhj'><span class='pt-cv-heading'> Algunos bulos destacados <\/span><\/h1><div class=\"pt-cv-view pt-cv-overlaygrid iscvblock iscvreal overlay1 layout1\" id=\"pt-cv-view-5kc1xrhj\"><div data-id=\"pt-cv-page-1\" class=\"pt-cv-page\" data-cvc=\"2\"><div class=\" pt-cv-content-item pt-cv-1-col\" ><div class=\"pt-cv-thumb-wrapper  \"><a href=\"https:\/\/hogarenelmundo.riotormes.es\/?p=754\" class=\"_self pt-cv-href-thumbnail pt-cv-thumb-default\" target=\"_self\" ><img loading=\"lazy\" decoding=\"async\" width=\"768\" height=\"643\" src=\"https:\/\/hogarenelmundo.riotormes.es\/wp-content\/uploads\/2025\/03\/67d010f1929b1imagen-que-se-difunde-1-webp-e1745249827441-768x643.webp\" class=\"pt-cv-thumbnail\" alt=\"\" \/><\/a><\/div>\n<div class=\"pt-cv-overlay-wrapper\"><h5 class=\"pt-cv-title\"><a href=\"https:\/\/hogarenelmundo.riotormes.es\/?p=754\" class=\"_self\" target=\"_self\" >La imagen que se difunde como si fuera uno de los detenidos por la muerte de una educadora social en Badajoz: no hay pruebas de que sea real<\/a><\/h5><\/div><\/div>\n<div class=\" pt-cv-content-item pt-cv-1-col\" ><div class=\"pt-cv-thumb-wrapper  \"><a href=\"https:\/\/hogarenelmundo.riotormes.es\/?p=733\" class=\"_self pt-cv-href-thumbnail pt-cv-thumb-default\" target=\"_self\" ><img loading=\"lazy\" decoding=\"async\" width=\"768\" height=\"512\" src=\"https:\/\/hogarenelmundo.riotormes.es\/wp-content\/uploads\/2025\/03\/padre-hijo-palestina-estado-Francisco-Thoumi-768x512.jpg\" class=\"pt-cv-thumbnail\" alt=\"\" \/><\/a><\/div>\n<div class=\"pt-cv-overlay-wrapper\"><h5 class=\"pt-cv-title\"><a href=\"https:\/\/hogarenelmundo.riotormes.es\/?p=733\" class=\"_self\" target=\"_self\" >La supuesta ayuda de 1.600 euros mensuales para un refugiado de Gaza durante diez a\u00f1os<\/a><\/h5><\/div><\/div>\n<div class=\" pt-cv-content-item pt-cv-1-col\" ><div class=\"pt-cv-thumb-wrapper  \"><a href=\"https:\/\/hogarenelmundo.riotormes.es\/?p=631\" class=\"_self pt-cv-href-thumbnail pt-cv-thumb-default\" target=\"_self\" ><img loading=\"lazy\" decoding=\"async\" width=\"768\" height=\"335\" src=\"https:\/\/hogarenelmundo.riotormes.es\/wp-content\/uploads\/2025\/03\/a-cinematic-medium-shot-of-a-refugee-ent_2L4UHpdtQuahouD_agLacw_WFM5hWPBSuK33l4onk1UHw-e1742891634873-768x335.jpeg\" class=\"pt-cv-thumbnail\" alt=\"\" \/><\/a><\/div>\n<div class=\"pt-cv-overlay-wrapper\"><h5 class=\"pt-cv-title\"><a href=\"https:\/\/hogarenelmundo.riotormes.es\/?p=631\" class=\"_self\" target=\"_self\" >No han desahuciado a una se\u00f1ora mayor de su casa para acoger refugiados en ella<\/a><\/h5><\/div><\/div>\n<div class=\" pt-cv-content-item pt-cv-1-col\" ><div class=\"pt-cv-thumb-wrapper  \"><a href=\"https:\/\/hogarenelmundo.riotormes.es\/?p=613\" class=\"_self pt-cv-href-thumbnail pt-cv-thumb-default\" target=\"_self\" ><img loading=\"lazy\" decoding=\"async\" width=\"768\" height=\"336\" src=\"https:\/\/hogarenelmundo.riotormes.es\/wp-content\/uploads\/2025\/03\/a-photo-of-a-refugee-family-entering-a-b_R33qOXx0QyiD8pnxPopplA_46gsVBxqRm-eSVBnkJpQhQ-e1742892313902-768x336.jpeg\" class=\"pt-cv-thumbnail\" alt=\"\" \/><\/a><\/div>\n<div class=\"pt-cv-overlay-wrapper\"><h5 class=\"pt-cv-title\"><a href=\"https:\/\/hogarenelmundo.riotormes.es\/?p=613\" class=\"_self\" target=\"_self\" >Refugiados sirios no han rechazado un piso porque no ten\u00eda ascensor<\/a><\/h5><\/div><\/div>\n<div class=\" pt-cv-content-item pt-cv-1-col\" ><div class=\"pt-cv-thumb-wrapper  \"><a href=\"https:\/\/hogarenelmundo.riotormes.es\/?p=599\" class=\"_self pt-cv-href-thumbnail pt-cv-thumb-default\" target=\"_self\" ><img loading=\"lazy\" decoding=\"async\" width=\"768\" height=\"768\" src=\"https:\/\/hogarenelmundo.riotormes.es\/wp-content\/uploads\/2025\/03\/a-photo-of-a-university-campus-with-a-fe_SC_9Qi5RRDOAcEdl2dMN3A_PU6cUtenRvuOpT8Z6dukXQ-768x768.jpeg\" class=\"pt-cv-thumbnail\" alt=\"\" \/><\/a><\/div>\n<div class=\"pt-cv-overlay-wrapper\"><h5 class=\"pt-cv-title\"><a href=\"https:\/\/hogarenelmundo.riotormes.es\/?p=599\" class=\"_self\" target=\"_self\" >El Gobierno no ha aprobado que la educaci\u00f3n universitaria sea gratuita para refugiados<\/a><\/h5><\/div><\/div>\n<div class=\" pt-cv-content-item pt-cv-1-col\" ><div class=\"pt-cv-thumb-wrapper  \"><a href=\"https:\/\/hogarenelmundo.riotormes.es\/?p=541\" class=\"_self pt-cv-href-thumbnail pt-cv-thumb-default\" target=\"_self\" ><img loading=\"lazy\" decoding=\"async\" width=\"768\" height=\"768\" src=\"https:\/\/hogarenelmundo.riotormes.es\/wp-content\/uploads\/2025\/03\/a-photo-of-a-group-of-refugees-entering-_1Gb3wyVhQZuyGEOJZIpPaw_ltP8tcx6Tx66-5BsSMJcaw-768x768.jpeg\" class=\"pt-cv-thumbnail\" alt=\"\" \/><\/a><\/div>\n<div class=\"pt-cv-overlay-wrapper\"><h5 class=\"pt-cv-title\"><a href=\"https:\/\/hogarenelmundo.riotormes.es\/?p=541\" class=\"_self\" target=\"_self\" >No hay pruebas de que se hayan otorgado 17.500 pisos para los refugiados por el acuerdo de reubicaci\u00f3n de la Uni\u00f3n Europea de 2015<\/a><\/h5><\/div><\/div>\n<div class=\" pt-cv-content-item pt-cv-1-col\" ><div class=\"pt-cv-thumb-wrapper  \"><a href=\"https:\/\/hogarenelmundo.riotormes.es\/?p=513\" class=\"_self pt-cv-href-thumbnail pt-cv-thumb-default\" target=\"_self\" ><img loading=\"lazy\" decoding=\"async\" width=\"768\" height=\"768\" src=\"https:\/\/hogarenelmundo.riotormes.es\/wp-content\/uploads\/2025\/03\/a-photo-of-a-group-of-muslim-refugees-wi_EZzbAeDxRquunvv6sjbbiA_wFM2-kuWS8-smGWOOrq3BQ-768x768.jpeg\" class=\"pt-cv-thumbnail\" alt=\"\" \/><\/a><\/div>\n<div class=\"pt-cv-overlay-wrapper\"><h5 class=\"pt-cv-title\"><a href=\"https:\/\/hogarenelmundo.riotormes.es\/?p=513\" class=\"_self\" target=\"_self\" >No es cierto que los pa\u00edses musulmanes no reciban refugiados musulmanes<\/a><\/h5><\/div><\/div>\n<div class=\" pt-cv-content-item pt-cv-1-col\" ><div class=\"pt-cv-thumb-wrapper  \"><a href=\"https:\/\/hogarenelmundo.riotormes.es\/?p=413\" class=\"_self pt-cv-href-thumbnail pt-cv-thumb-default\" target=\"_self\" ><img loading=\"lazy\" decoding=\"async\" width=\"768\" height=\"432\" src=\"https:\/\/hogarenelmundo.riotormes.es\/wp-content\/uploads\/2025\/02\/image-4-768x432.png\" class=\"pt-cv-thumbnail\" alt=\"\" \/><\/a><\/div>\n<div class=\"pt-cv-overlay-wrapper\"><h5 class=\"pt-cv-title\"><a href=\"https:\/\/hogarenelmundo.riotormes.es\/?p=413\" class=\"_self\" target=\"_self\" >El terrorista de Manchester Salman Abedi no fue rescatado por Reino Unido como refugiado<\/a><\/h5><\/div><\/div><\/div><\/div> <\/div> <style>\n#pt-cv-view-5kc1xrhj {text-align: left}#pt-cv-view-5kc1xrhj .pt-cv-thumb-wrapper::before {background: #3972d4b3; opacity: 0.5;}#pt-cv-view-5kc1xrhj .pt-cv-overlay-wrapper {justify-content: flex-end;}\n#pt-cv-view-5kc1xrhj .pt-cv-meta-fields {  }#pt-cv-view-5kc1xrhj .pt-cv-meta-fields * { font-size: 13px; }.pt-cv-heading-container[data-blockid=\"5kc1xrhj\"] {  }.pt-cv-heading-container[data-blockid=\"5kc1xrhj\"] * { font-weight: 900;font-family: \"Helvetica\"; }#pt-cv-view-5kc1xrhj .pt-cv-title a { text-align: left;display: block; }#pt-cv-view-5kc1xrhj .pt-cv-title:not(.pt-cv-titlesm) a { font-weight: 700;text-decoration: none;font-size: 18px; }#pt-cv-view-5kc1xrhj .pt-cv-titlesm a { font-weight: 600;font-size: 18px; }#pt-cv-view-5kc1xrhj .pt-cv-content { font-size: 15px; }#pt-cv-view-5kc1xrhj .pt-cv-rmwrap {  }#pt-cv-view-5kc1xrhj .pt-cv-readmore { color: #fff;background-color: #0075ff;font-size: 14px; }#pt-cv-view-5kc1xrhj .pt-cv-taxoterm { margin: 0px 0px 20px 0px; }#pt-cv-view-5kc1xrhj .pt-cv-taxoterm * { color: #222;background-color: #fff6f6;font-size: 14px; }#pt-cv-view-5kc1xrhj + .pt-cv-pagination-wrapper {  }#pt-cv-view-5kc1xrhj + .pt-cv-pagination-wrapper a { font-size: 14px; }#pt-cv-view-5kc1xrhj > .pt-cv-page {grid-template-columns: repeat(2, 1fr);grid-auto-rows: 250px;grid-gap: 10px;}\n@media all and (max-width: 1024px) { \n#pt-cv-view-5kc1xrhj > .pt-cv-page {}\n} \n@media all and (max-width: 767px) { \n#pt-cv-view-5kc1xrhj > .pt-cv-page {grid-template-columns: repeat(1, 1fr);}\n} <\/style><link href='\/\/fonts.googleapis.com\/css?family=Helvetica' rel='stylesheet' type='text\/css'><\/div>\n\n\n\n<p><\/p>\n\n\n\n<figure class=\"wp-block-embed is-type-video is-provider-youtube wp-block-embed-youtube wp-embed-aspect-16-9 wp-has-aspect-ratio\"><div class=\"wp-block-embed__wrapper\">\n<iframe loading=\"lazy\" title=\"Consejos para detectar noticias falsas en Internet\" width=\"500\" height=\"281\" src=\"https:\/\/www.youtube.com\/embed\/yyPEymqNKio?feature=oembed\" frameborder=\"0\" allow=\"accelerometer; autoplay; clipboard-write; encrypted-media; gyroscope; picture-in-picture; web-share\" referrerpolicy=\"strict-origin-when-cross-origin\" allowfullscreen><\/iframe>\n<\/div><\/figure>\n","protected":false},"excerpt":{"rendered":"<p>Construyendo verdades<\/p>\n","protected":false},"author":1,"featured_media":444,"parent":0,"menu_order":0,"comment_status":"closed","ping_status":"closed","template":"","meta":{"footnotes":""},"class_list":["post-85","page","type-page","status-publish","has-post-thumbnail","hentry"],"_links":{"self":[{"href":"https:\/\/hogarenelmundo.riotormes.es\/index.php?rest_route=\/wp\/v2\/pages\/85","targetHints":{"allow":["GET"]}}],"collection":[{"href":"https:\/\/hogarenelmundo.riotormes.es\/index.php?rest_route=\/wp\/v2\/pages"}],"about":[{"href":"https:\/\/hogarenelmundo.riotormes.es\/index.php?rest_route=\/wp\/v2\/types\/page"}],"author":[{"embeddable":true,"href":"https:\/\/hogarenelmundo.riotormes.es\/index.php?rest_route=\/wp\/v2\/users\/1"}],"replies":[{"embeddable":true,"href":"https:\/\/hogarenelmundo.riotormes.es\/index.php?rest_route=%2Fwp%2Fv2%2Fcomments&post=85"}],"version-history":[{"count":23,"href":"https:\/\/hogarenelmundo.riotormes.es\/index.php?rest_route=\/wp\/v2\/pages\/85\/revisions"}],"predecessor-version":[{"id":1163,"href":"https:\/\/hogarenelmundo.riotormes.es\/index.php?rest_route=\/wp\/v2\/pages\/85\/revisions\/1163"}],"wp:featuredmedia":[{"embeddable":true,"href":"https:\/\/hogarenelmundo.riotormes.es\/index.php?rest_route=\/wp\/v2\/media\/444"}],"wp:attachment":[{"href":"https:\/\/hogarenelmundo.riotormes.es\/index.php?rest_route=%2Fwp%2Fv2%2Fmedia&parent=85"}],"curies":[{"name":"wp","href":"https:\/\/api.w.org\/{rel}","templated":true}]}}